{"id":16563,"date":"2025-01-16T23:05:09","date_gmt":"2025-01-16T22:05:09","guid":{"rendered":"https:\/\/marbellaarena.com\/politica-de-cookies\/"},"modified":"2025-03-03T14:29:16","modified_gmt":"2025-03-03T13:29:16","slug":"politica-de-cookies","status":"publish","type":"page","link":"https:\/\/marbellaarena.com\/en\/politica-de-cookies\/","title":{"rendered":"Pol\u00edtica de cookies"},"content":{"rendered":"<div class=\"fusion-fullwidth fullwidth-box fusion-builder-row-1 fusion-flex-container nonhundred-percent-fullwidth non-hundred-percent-height-scrolling\" style=\"--awb-border-radius-top-left:0px;--awb-border-radius-top-right:0px;--awb-border-radius-bottom-right:0px;--awb-border-radius-bottom-left:0px;--awb-flex-wrap:wrap;\" ><div class=\"fusion-builder-row fusion-row fusion-flex-align-items-flex-start fusion-flex-content-wrap\" style=\"max-width:1216.8px;margin-left: calc(-4% \/ 2 );margin-right: calc(-4% \/ 2 );\"><div class=\"fusion-layout-column fusion_builder_column fusion-builder-column-0 fusion_builder_column_1_1 1_1 fusion-flex-column\" style=\"--awb-bg-blend:overlay;--awb-bg-size:cover;--awb-width-large:100%;--awb-margin-top-large:0px;--awb-spacing-right-large:1.92%;--awb-margin-bottom-large:0px;--awb-spacing-left-large:1.92%;--awb-width-medium:100%;--awb-spacing-right-medium:1.92%;--awb-spacing-left-medium:1.92%;--awb-width-small:100%;--awb-spacing-right-small:1.92%;--awb-spacing-left-small:1.92%;\"><div class=\"fusion-column-wrapper fusion-flex-justify-content-flex-start fusion-content-layout-column\"><div class=\"fusion-text fusion-text-1\"><h2>POL\u00cdTICA DE COOKIES<\/h2>\n<p>En cumplimiento de la Ley 34\/2002, de 11 de julio, de Servicios de la Sociedad de la Informaci\u00f3n y Comercio Electr\u00f3nico le informamos de que este sitio web, al igual que la mayor\u00eda de los sitios en Internet, usa Cookies para mejorar y optimizar la experiencia del usuario. A continuaci\u00f3n, encontrar\u00e1 informaci\u00f3n detallada sobre qu\u00e9 son las &#8216;Cookies&#8217;, qu\u00e9 tipolog\u00eda utiliza este sitio web, c\u00f3mo cambiar la configuraci\u00f3n de sus cookies, y qu\u00e9 ocurre si deshabilita las Cookies.<\/p>\n<p><strong>\u00bf<\/strong><strong>Qu\u00e9<\/strong> <strong>son<\/strong> <strong>las<\/strong> <strong>Co<\/strong><strong>o<\/strong><strong>kies?<\/strong><\/p>\n<p>Una cookie es un peque\u00f1o archivo que se descarga en su equipo con la finalidad de almacenar datos, y recuperan informaci\u00f3n cuando navegas. En general, estas tecnolog\u00edas pueden servir para finalidades muy diversas, como, por ejemplo, reconocerte como usuario, obtener informaci\u00f3n sobre tus h\u00e1bitos de navegaci\u00f3n, o personalizar la forma en que se muestra el contenido. Los usos concretos que hacemos de estas tecnolog\u00edas se describen a continuaci\u00f3n.<\/p>\n<p><strong>\u00bf<\/strong><strong>Qu\u00e9<\/strong> <strong>tipo<\/strong> <strong>d<\/strong><strong>e<\/strong> <strong>Co<\/strong><strong>o<\/strong><strong>kies<\/strong> <strong>u<\/strong><strong>tiliza<\/strong> <strong>e<\/strong><strong>sta<\/strong> <strong>p<\/strong><strong>\u00e1gina<\/strong> <strong>web<\/strong><strong>?<\/strong><\/p>\n<p>Como norma general, para el uso de cookies, se exige el consentimiento del usuario. La modalidad para prestar el consentimiento puede ser muy variada, y ser\u00e1 v\u00e1lido siempre que se otorgue de manera libre e informada, por ejemplo:<\/p>\n<p>A continuaci\u00f3n, se incluye una tabla con identificaci\u00f3n de las cookies utilizadas en <a href=\"https:\/\/marbellaarena.com\/en\/\">https:\/\/marbellaarena.com<\/a>, con indicaci\u00f3n de su finalidad, proveedor y plazo.<\/p>\n<p><img decoding=\"async\" class=\"lazyload aligncenter wp-image-16462 size-full\" src=\"https:\/\/marbellaarena.com\/wp-content\/uploads\/2025\/02\/Captura.png\" data-orig-src=\"https:\/\/marbellaarena.com\/wp-content\/uploads\/2025\/02\/Captura.png\" alt=\"\" width=\"1381\" height=\"536\" srcset=\"data:image\/svg+xml,%3Csvg%20xmlns%3D%27http%3A%2F%2Fwww.w3.org%2F2000%2Fsvg%27%20width%3D%271381%27%20height%3D%27536%27%20viewBox%3D%270%200%201381%20536%27%3E%3Crect%20width%3D%271381%27%20height%3D%27536%27%20fill-opacity%3D%220%22%2F%3E%3C%2Fsvg%3E\" data-srcset=\"https:\/\/marbellaarena.com\/wp-content\/uploads\/2025\/02\/Captura-200x78.png 200w, https:\/\/marbellaarena.com\/wp-content\/uploads\/2025\/02\/Captura-300x116.png 300w, https:\/\/marbellaarena.com\/wp-content\/uploads\/2025\/02\/Captura-400x155.png 400w, https:\/\/marbellaarena.com\/wp-content\/uploads\/2025\/02\/Captura-600x233.png 600w, https:\/\/marbellaarena.com\/wp-content\/uploads\/2025\/02\/Captura-768x298.png 768w, https:\/\/marbellaarena.com\/wp-content\/uploads\/2025\/02\/Captura-800x310.png 800w, https:\/\/marbellaarena.com\/wp-content\/uploads\/2025\/02\/Captura-1024x397.png 1024w, https:\/\/marbellaarena.com\/wp-content\/uploads\/2025\/02\/Captura-1200x466.png 1200w, https:\/\/marbellaarena.com\/wp-content\/uploads\/2025\/02\/Captura.png 1381w\" data-sizes=\"auto\" data-orig-sizes=\"(max-width: 1381px) 100vw, 1381px\" \/><\/p>\n<ul>\n<li><strong>Seg<\/strong><strong>\u00fa<\/strong><strong>n<\/strong> <strong>qui<\/strong><strong>\u00e9<\/strong><strong>n<\/strong> <strong>l<\/strong><strong>a<\/strong><strong>s<\/strong> <strong>ge<\/strong><strong>stiona<\/strong>:<\/li>\n<\/ul>\n<p style=\"padding-left: 40px;\"><span style=\"color: var(--awb-text-color); font-family: var(--awb-text-font-family); font-size: var(--awb-font-size); font-style: var(--awb-text-font-style); font-weight: var(--awb-text-font-weight); letter-spacing: var(--awb-letter-spacing); text-align: var(--awb-content-alignment); text-transform: var(--awb-text-transform); background-color: var(--awb-bg-color-small-hover);\">a) Cookies propias: son aquellas que se env\u00edan a su equipo desde un equipo o dominio gestionado por MARBELLA ARENA y desde el que se presta el servicio solicitado por el usuario.<\/span><\/p>\n<p style=\"padding-left: 40px;\">b) Cookies de tercero: son aquellas que se env\u00edan a su equipo desde un equipo o dominio que no es gestionado por MARBELLA ARENA, sino por otra entidad que trata los datos obtenidos a trav\u00e9s de las cookies.<\/p>\n<ul>\n<li><strong>Seg<\/strong><strong>\u00fa<\/strong><strong>n<\/strong> <strong>l<\/strong><strong>a<\/strong> <strong>fin<\/strong><strong>a<\/strong><strong>lid<\/strong><strong>a<\/strong><strong>d<\/strong>:<\/li>\n<\/ul>\n<p style=\"padding-left: 40px;\">a) T\u00e9cnicas: son aquellas que le permiten como usuario la navegaci\u00f3n a trav\u00e9s de nuestra p\u00e1gina web, plataforma o aplicaci\u00f3n y la utilizaci\u00f3n de las diferentes opciones o servicios que ofertamos. Estas cookies son necesarias para el correcto funcionamiento de lap\u00e1gina web, por lo que no requieren de su consentimiento.<\/p>\n<p style=\"padding-left: 40px;\">b) De preferencias o personalizaci\u00f3n: son aquellas que permiten recordar informaci\u00f3n para que pueda acceder al servicio con determinadas caracter\u00edsticas que pueden diferenciar su experiencia de la de otros usuarios.<\/p>\n<p style=\"padding-left: 40px;\">c) De an\u00e1lisis: son aquellas que permiten cuantificar el n\u00famero de usuarios y as\u00ed realizar la medici\u00f3n y an\u00e1lisis estad\u00edstico de la utilizaci\u00f3n que hacen los usuarios del servicio ofertado. Para ello se analiza su navegaci\u00f3n en nuestra p\u00e1gina web con el fin de mejorar la oferta de productos o servicios que le ofrecemos.<\/p>\n<p style=\"padding-left: 40px;\">d) Publicitarias comportamentales: son aquellas que permiten analizar sus h\u00e1bitos de navegaci\u00f3n en Internet para que podamos mostrarle publicidad relacionada con su perfil de navegaci\u00f3n.<\/p>\n<ul>\n<li><strong>Seg<\/strong><strong>\u00fa<\/strong><strong>n<\/strong> <strong>e<\/strong><strong>l<\/strong> <strong>pl<\/strong><strong>a<\/strong><strong>z<\/strong><strong>o<\/strong> <strong>d<\/strong><strong>e<\/strong> <strong>ti<\/strong><strong>em<\/strong><strong>p<\/strong><strong>o<\/strong> <strong>qu<\/strong><strong>e<\/strong> <strong>p<\/strong><strong>e<\/strong><strong>r<\/strong><strong>ma<\/strong><strong>n<\/strong><strong>e<\/strong><strong>cen<\/strong> <strong>a<\/strong><strong>ctivadas<\/strong>:<\/li>\n<\/ul>\n<p style=\"padding-left: 40px;\">a) De sesi\u00f3n: son aquellas dise\u00f1adas para recabar y almacenar datos mientras accedes a la p\u00e1gina web, y se usan para almacenar informaci\u00f3n que solo interesa conservar para la prestaci\u00f3n del servicio que solicite en una sola ocasi\u00f3n. Desaparecen al terminar la sesi\u00f3n.<\/p>\n<p style=\"padding-left: 40px;\">b) Persistentes: son aquellas en las que los datos siguen almacenados en el terminal y pueden ser accedidos y tratados durante un periodo definido por el responsable de la cookie, y que puede ir de unos minutos a varios a\u00f1os.<\/p>\n<ul>\n<li><strong>Contenidos<\/strong> <strong>d<\/strong><strong>e<\/strong> <strong>T<\/strong><strong>e<\/strong><strong>r<\/strong><strong>ceros<\/strong> <strong>&#8211;<\/strong> <strong>Cookies<\/strong> <strong>d<\/strong><strong>e<\/strong> <strong>T<\/strong><strong>e<\/strong><strong>r<\/strong><strong>ceros<\/strong>:<\/li>\n<\/ul>\n<p>MARBELLA ARENA no es responsable de las pr\u00e1cticas de privacidad de terceros a los que se enlace desde este sitio web. Para acceder a los contenidos de terceros, los usuarios deber\u00e1n aceptar (si no lo han hecho antes) las condiciones que estos aplican, incluidas sus pol\u00edticas de cookies, ajenas a nuestro control.<\/p>\n<p>Si los usuarios optan por no acceder a esos contenidos, estas cookies de terceros no se instalan en sus dispositivos.<\/p>\n<p>La inclusi\u00f3n en nuestra web de un enlace a estos contenidos no implica que avalemos el sitio web o servicio enlazado.<\/p>\n<p><strong>\u00bf<\/strong><strong>Se<\/strong> <strong>r<\/strong><strong>e<\/strong><strong>alizan<\/strong> <strong>transferencias<\/strong> <strong>internacionales?<\/strong><\/p>\n<p>Puede informarse de las transferencias a terceros pa\u00edses que, en su caso, realizan los terceros identificados en esta pol\u00edtica de cookies en sus correspondientes pol\u00edticas (ver los enlaces facilitados en el apartado &#8216;Cookies de terceros&#8217;).<\/p>\n<p><strong>\u00bf<\/strong><strong>C<\/strong><strong>\u00f3<\/strong><strong>mo<\/strong> <strong>pued<\/strong><strong>e<\/strong> <strong>c<\/strong><strong>on<\/strong><strong>f<\/strong><strong>igurar<\/strong> <strong>sus<\/strong> <strong>C<\/strong><strong>oo<\/strong><strong>kies?<\/strong><\/p>\n<p>Puede permitir o bloquear las cookies, as\u00ed como borrar sus datos de navegaci\u00f3n (incluidas las cookies) desde el navegador que usted utiliza. Consulte las opciones e instrucciones que ofrece su navegador para ello. Tenga en cuenta que si acepta las cookies de terceros, deber\u00e1 eliminarlas desde las opciones del navegador. Por ejemplo:<\/p>\n<p>1 &#8211; <strong>Internet <\/strong><strong>E<\/strong><strong>xplorer<\/strong>: Herramientas &gt; Opciones de Internet &gt; Privacidad &gt; Configuraci\u00f3n. Para m\u00e1s informaci\u00f3n, puede consultar el soporte de Microsoft o la Ayuda del navegador.<\/p>\n<p>2 &#8211; <strong>Firefox<\/strong>: Herramientas &gt; Opciones &gt; Privacidad &gt; Historial &gt; Configuraci\u00f3n Personalizada. Para m\u00e1s informaci\u00f3n, puede consultar el soporte de Mozilla o la Ayuda del navegador.<\/p>\n<p>3 &#8211; <strong>Chrome<\/strong>: Configuraci\u00f3n &gt; Mostrar opciones avanzadas &gt; Privacidad -&gt; Configuraci\u00f3n de contenido. Para m\u00e1s informaci\u00f3n, puede consultar el soporte de Google o la Ayuda del navegador.<\/p>\n<p>4 &#8211; <strong>Safari<\/strong>: Preferencias &gt; Seguridad.<\/p>\n<p>Para m\u00e1s informaci\u00f3n, puede consultar el soporte de Apple o la Ayuda del navegador.<\/p>\n<p>5 &#8211; <strong>Opera<\/strong>: Configuraci\u00f3n &gt; Opciones &gt; Avanzado &gt; Cookies.<\/p>\n<p>Para m\u00e1s informaci\u00f3n, puede consultar el soporte de Opera o la Ayuda del navegador.<\/p>\n<p>Si usa otro navegador distinto a los anteriores, consulte su pol\u00edtica de instalaci\u00f3n, uso y bloqueo de cookies.<\/p>\n<p><strong>\u00bf<\/strong><strong>Qu\u00e9<\/strong> <strong>ocu<\/strong><strong>rr<\/strong><strong>e<\/strong> <strong>si<\/strong> <strong>s<\/strong><strong>e<\/strong> <strong>de<\/strong><strong>shabilitan<\/strong> <strong>las<\/strong> <strong>C<\/strong><strong>oo<\/strong><strong>kies?<\/strong><\/p>\n<p>Algunas funcionalidades de los Servicios y \u00e1reas de este sitio web podr\u00edan no funcionar correctamente si se deshabilitan las cookies.<\/p>\n<p><strong>\u00bf<\/strong><strong>Actualizamos<\/strong> <strong>n<\/strong><strong>ue<\/strong><strong>stra<\/strong> <strong>Po<\/strong><strong>l\u00edtica<\/strong> <strong>d<\/strong><strong>e<\/strong> <strong>C<\/strong><strong>oo<\/strong><strong>kies?<\/strong><\/p>\n<p>Es posible que actualicemos la Pol\u00edtica de Cookies de nuestro Sitio web, por ello le recomendamos revisar esta pol\u00edtica cada vez que acceda a nuestro Sitio web con el objetivo de estar adecuadamente informado sobre c\u00f3mo y para qu\u00e9 usamos las cookies. Para cualquier otra duda relacionada al uso de sus datos personales o al ejercicio de derechos, puede acudir a nuestra <strong>Pol\u00edtica <\/strong><strong>d<\/strong><strong>e <\/strong><strong>Privacidad<\/strong>.<\/p>\n<\/div><\/div><\/div><\/div><\/div>\n","protected":false},"excerpt":{"rendered":"","protected":false},"author":1,"featured_media":0,"parent":0,"menu_order":0,"comment_status":"closed","ping_status":"closed","template":"","meta":{"footnotes":""},"class_list":["post-16563","page","type-page","status-publish","hentry"],"_links":{"self":[{"href":"https:\/\/marbellaarena.com\/en\/wp-json\/wp\/v2\/pages\/16563","targetHints":{"allow":["GET"]}}],"collection":[{"href":"https:\/\/marbellaarena.com\/en\/wp-json\/wp\/v2\/pages"}],"about":[{"href":"https:\/\/marbellaarena.com\/en\/wp-json\/wp\/v2\/types\/page"}],"author":[{"embeddable":true,"href":"https:\/\/marbellaarena.com\/en\/wp-json\/wp\/v2\/users\/1"}],"replies":[{"embeddable":true,"href":"https:\/\/marbellaarena.com\/en\/wp-json\/wp\/v2\/comments?post=16563"}],"version-history":[{"count":2,"href":"https:\/\/marbellaarena.com\/en\/wp-json\/wp\/v2\/pages\/16563\/revisions"}],"predecessor-version":[{"id":16566,"href":"https:\/\/marbellaarena.com\/en\/wp-json\/wp\/v2\/pages\/16563\/revisions\/16566"}],"wp:attachment":[{"href":"https:\/\/marbellaarena.com\/en\/wp-json\/wp\/v2\/media?parent=16563"}],"curies":[{"name":"wp","href":"https:\/\/api.w.org\/{rel}","templated":true}]}}