{"id":16519,"date":"2025-01-27T17:09:40","date_gmt":"2025-01-27T16:09:40","guid":{"rendered":"https:\/\/marbellaarena.com\/eventos-marbella-arena\/"},"modified":"2025-03-03T13:44:56","modified_gmt":"2025-03-03T12:44:56","slug":"eventos-marbella-arena","status":"publish","type":"page","link":"https:\/\/marbellaarena.com\/en\/eventos-marbella-arena\/","title":{"rendered":"Eventos Marbella Arena"},"content":{"rendered":"<p><div class=\"fusion-fullwidth fullwidth-box fusion-builder-row-1 fusion-flex-container has-pattern-background has-mask-background fusion-parallax-none hundred-percent-fullwidth non-hundred-percent-height-scrolling lazyload\" style=\"--awb-border-radius-top-left:0px;--awb-border-radius-top-right:0px;--awb-border-radius-bottom-right:0px;--awb-border-radius-bottom-left:0px;--awb-padding-top:0px;--awb-padding-bottom:38px;--awb-margin-top:0px;--awb-margin-bottom:0px;--awb-min-height:500px;--awb-background-color:#000000;--awb-background-image:linear-gradient(180deg, rgba(255,255,255,0) 0%,rgba(0,0,0,0.43) 100%);;--awb-background-size:cover;--awb-flex-wrap:wrap;\" data-bg=\"https:\/\/marbellaarena.com\/wp-content\/uploads\/2025\/01\/468563588_1036611798479338_5266674676713905569_n.jpg\" data-bg-gradient=\"linear-gradient(180deg, rgba(255,255,255,0) 0%,rgba(0,0,0,0.43) 100%)\" ><div class=\"fusion-builder-row fusion-row fusion-flex-align-items-flex-start fusion-flex-align-content-flex-start fusion-flex-content-wrap\" style=\"width:104% !important;max-width:104% !important;margin-left: calc(-4% \/ 2 );margin-right: calc(-4% \/ 2 );\"><div class=\"fusion-layout-column fusion_builder_column fusion-builder-column-0 fusion_builder_column_1_1 1_1 fusion-flex-column\" style=\"--awb-bg-size:cover;--awb-width-large:100%;--awb-margin-top-large:221px;--awb-spacing-right-large:19.008%;--awb-margin-bottom-large:20px;--awb-spacing-left-large:19.008%;--awb-width-medium:100%;--awb-order-medium:0;--awb-spacing-right-medium:1.92%;--awb-spacing-left-medium:1.92%;--awb-width-small:100%;--awb-order-small:0;--awb-margin-top-small:121px;--awb-spacing-right-small:1.92%;--awb-spacing-left-small:1.92%;\"><div class=\"fusion-column-wrapper fusion-column-has-shadow fusion-flex-justify-content-flex-start fusion-content-layout-column\"><div class=\"fusion-title title fusion-title-1 fusion-sep-none fusion-title-center fusion-title-text fusion-title-size-one\" style=\"--awb-font-size:55PX;\"><h1 class=\"fusion-title-heading title-heading-center fusion-responsive-typography-calculated\" style=\"margin:0;font-size:1em;--fontSize:18;--minFontSize:18;line-height:var(--awb-typography1-line-height);\"><p>EVENTOS<\/p>\n<p>&nbsp;<\/p><\/h1><\/div><div class=\"fusion-text fusion-text-1\" style=\"--awb-font-size:35PX;\"><p style=\"text-align: center;\"><strong><span style=\"color: #fda700;\">Marbella Arena<\/span> <\/strong>es un espacio \u00fanico en el coraz\u00f3n de Puerto Ban\u00fas que, sin duda, <strong><span style=\"color: #fda700;\">har\u00e1 que tus eventos brillen.<\/span><\/strong><\/p>\n<\/div><\/div><\/div><\/div><\/div><div class=\"fusion-fullwidth fullwidth-box fusion-builder-row-2 fusion-flex-container has-pattern-background has-mask-background nonhundred-percent-fullwidth non-hundred-percent-height-scrolling\" style=\"--awb-border-radius-top-left:0px;--awb-border-radius-top-right:0px;--awb-border-radius-bottom-right:0px;--awb-border-radius-bottom-left:0px;--awb-flex-wrap:wrap;\" ><div class=\"fusion-builder-row fusion-row fusion-flex-align-items-flex-start fusion-flex-content-wrap\" style=\"max-width:1216.8px;margin-left: calc(-4% \/ 2 );margin-right: calc(-4% \/ 2 );\"><div class=\"fusion-layout-column fusion_builder_column fusion-builder-column-1 fusion_builder_column_1_1 1_1 fusion-flex-column\" style=\"--awb-bg-size:cover;--awb-width-large:100%;--awb-margin-top-large:20px;--awb-spacing-right-large:1.92%;--awb-margin-bottom-large:20px;--awb-spacing-left-large:1.92%;--awb-width-medium:100%;--awb-order-medium:0;--awb-spacing-right-medium:1.92%;--awb-spacing-left-medium:1.92%;--awb-width-small:100%;--awb-order-small:0;--awb-spacing-right-small:1.92%;--awb-spacing-left-small:1.92%;\"><div class=\"fusion-column-wrapper fusion-column-has-shadow fusion-flex-justify-content-flex-start fusion-content-layout-column\"><div class=\"fusion-text fusion-text-2\" style=\"--awb-font-size:25px;\"><p style=\"text-align: center;\">Gracias a la versatilidad que ofrece Marbella Arena son m\u00faltiples las posibilidades<br \/>\npara celebrar tu evento.<\/p>\n<p style=\"text-align: center;\">Las diversas opciones de configuraci\u00f3n de nuestro espacio, hacen de Marbella Arena un lugar \u00fanico en el que acoger un evento en la Costa del Sol.<\/p>\n<\/div><\/div><\/div><\/div><\/div><div class=\"fusion-fullwidth fullwidth-box fusion-builder-row-3 fusion-flex-container has-pattern-background has-mask-background nonhundred-percent-fullwidth non-hundred-percent-height-scrolling\" style=\"--awb-border-radius-top-left:0px;--awb-border-radius-top-right:0px;--awb-border-radius-bottom-right:0px;--awb-border-radius-bottom-left:0px;--awb-flex-wrap:wrap;\" ><div class=\"fusion-builder-row fusion-row fusion-flex-align-items-center fusion-flex-content-wrap\" style=\"max-width:1216.8px;margin-left: calc(-4% \/ 2 );margin-right: calc(-4% \/ 2 );\"><div class=\"fusion-layout-column fusion_builder_column fusion-builder-column-2 fusion_builder_column_1_2 1_2 fusion-flex-column\" style=\"--awb-bg-size:cover;--awb-width-large:50%;--awb-margin-top-large:20px;--awb-spacing-right-large:3.84%;--awb-margin-bottom-large:20px;--awb-spacing-left-large:3.84%;--awb-width-medium:100%;--awb-order-medium:0;--awb-spacing-right-medium:1.92%;--awb-spacing-left-medium:1.92%;--awb-width-small:100%;--awb-order-small:0;--awb-spacing-right-small:1.92%;--awb-spacing-left-small:1.92%;\"><div class=\"fusion-column-wrapper fusion-column-has-shadow fusion-flex-justify-content-flex-start fusion-content-layout-column\"><div class=\"fusion-text fusion-text-3\" style=\"--awb-font-size:25px;\"><p>Nos adaptamos a cada tipo de celebraci\u00f3n, adecuamos nuestros espacios seg\u00fan las necesidades de tu organizaci\u00f3n.<\/p>\n<p>Nos gusta que nuestros clientes puedan despreocuparse al estar en un entorno seguro, a la altura de las expectativas y que disfruten de sus eventos, por ello cuidamos cada detalle previo y durante el mismo.<\/p>\n<p>Todo nuestro equipo trabaja de forma conjunta para lograr que cada evento sea inolvidable.<\/p>\n<p>Cu\u00e9ntanos lo que necesitas y nos ponemos encontacto contigo para organizarlo y que sea un\u00e9xito.<\/p>\n<\/div><\/div><\/div><div class=\"fusion-layout-column fusion_builder_column fusion-builder-column-3 fusion_builder_column_1_2 1_2 fusion-flex-column\" style=\"--awb-bg-size:cover;--awb-width-large:50%;--awb-margin-top-large:20px;--awb-spacing-right-large:3.84%;--awb-margin-bottom-large:20px;--awb-spacing-left-large:3.84%;--awb-width-medium:100%;--awb-order-medium:0;--awb-spacing-right-medium:1.92%;--awb-spacing-left-medium:1.92%;--awb-width-small:100%;--awb-order-small:0;--awb-spacing-right-small:1.92%;--awb-spacing-left-small:1.92%;\"><div class=\"fusion-column-wrapper fusion-column-has-shadow fusion-flex-justify-content-flex-start fusion-content-layout-column\"><div class=\"fusion-image-element \" style=\"text-align:center;--awb-caption-title-font-family:var(--h2_typography-font-family);--awb-caption-title-font-weight:var(--h2_typography-font-weight);--awb-caption-title-font-style:var(--h2_typography-font-style);--awb-caption-title-size:var(--h2_typography-font-size);--awb-caption-title-transform:var(--h2_typography-text-transform);--awb-caption-title-line-height:var(--h2_typography-line-height);--awb-caption-title-letter-spacing:var(--h2_typography-letter-spacing);\"><span class=\" fusion-imageframe imageframe-none imageframe-1 hover-type-none\"><img decoding=\"async\" width=\"788\" height=\"762\" title=\"Captura\" src=\"https:\/\/marbellaarena.com\/wp-content\/uploads\/2025\/01\/Captura.png\" data-orig-src=\"https:\/\/marbellaarena.com\/wp-content\/uploads\/2025\/01\/Captura.png\" alt class=\"lazyload img-responsive wp-image-16351\" srcset=\"data:image\/svg+xml,%3Csvg%20xmlns%3D%27http%3A%2F%2Fwww.w3.org%2F2000%2Fsvg%27%20width%3D%27788%27%20height%3D%27762%27%20viewBox%3D%270%200%20788%20762%27%3E%3Crect%20width%3D%27788%27%20height%3D%27762%27%20fill-opacity%3D%220%22%2F%3E%3C%2Fsvg%3E\" data-srcset=\"https:\/\/marbellaarena.com\/wp-content\/uploads\/2025\/01\/Captura-200x193.png 200w, https:\/\/marbellaarena.com\/wp-content\/uploads\/2025\/01\/Captura-400x387.png 400w, https:\/\/marbellaarena.com\/wp-content\/uploads\/2025\/01\/Captura-600x580.png 600w, https:\/\/marbellaarena.com\/wp-content\/uploads\/2025\/01\/Captura.png 788w\" data-sizes=\"auto\" data-orig-sizes=\"(max-width: 1024px) 100vw, (max-width: 640px) 100vw, 600px\" \/><\/span><\/div><\/div><\/div><\/div><\/div><div class=\"fusion-fullwidth fullwidth-box fusion-builder-row-4 fusion-flex-container has-pattern-background has-mask-background nonhundred-percent-fullwidth non-hundred-percent-height-scrolling\" style=\"--awb-border-radius-top-left:0px;--awb-border-radius-top-right:0px;--awb-border-radius-bottom-right:0px;--awb-border-radius-bottom-left:0px;--awb-flex-wrap:wrap;\" ><div class=\"fusion-builder-row fusion-row fusion-flex-align-items-flex-start fusion-flex-content-wrap\" style=\"max-width:1216.8px;margin-left: calc(-4% \/ 2 );margin-right: calc(-4% \/ 2 );\"><div class=\"fusion-layout-column fusion_builder_column fusion-builder-column-4 fusion_builder_column_1_1 1_1 fusion-flex-column\" style=\"--awb-bg-size:cover;--awb-width-large:100%;--awb-margin-top-large:20px;--awb-spacing-right-large:1.92%;--awb-margin-bottom-large:20px;--awb-spacing-left-large:1.92%;--awb-width-medium:100%;--awb-order-medium:0;--awb-spacing-right-medium:1.92%;--awb-spacing-left-medium:1.92%;--awb-width-small:100%;--awb-order-small:0;--awb-spacing-right-small:1.92%;--awb-spacing-left-small:1.92%;\"><div class=\"fusion-column-wrapper fusion-column-has-shadow fusion-flex-justify-content-flex-start fusion-content-layout-column\"><div style=\"text-align:center;\"><a class=\"fusion-button button-flat fusion-button-default-size button-default fusion-button-default button-1 fusion-button-default-span fusion-button-default-type\" target=\"_blank\" rel=\"noopener noreferrer\" href=\"https:\/\/mailchi.mp\/e21ae10e2ffb\/eventos\"><span class=\"fusion-button-text awb-button__text awb-button__text--default\">Descarga el dossier<\/span><\/a><\/div><\/div><\/div><\/div><\/div><div class=\"fusion-fullwidth fullwidth-box fusion-builder-row-5 fusion-flex-container has-pattern-background has-mask-background nonhundred-percent-fullwidth non-hundred-percent-height-scrolling\" style=\"--awb-border-radius-top-left:0px;--awb-border-radius-top-right:0px;--awb-border-radius-bottom-right:0px;--awb-border-radius-bottom-left:0px;--awb-flex-wrap:wrap;\" ><div class=\"fusion-builder-row fusion-row fusion-flex-align-items-flex-start fusion-flex-content-wrap\" style=\"max-width:1216.8px;margin-left: calc(-4% \/ 2 );margin-right: calc(-4% \/ 2 );\"><div class=\"fusion-layout-column fusion_builder_column fusion-builder-column-5 fusion_builder_column_1_2 1_2 fusion-flex-column\" style=\"--awb-bg-size:cover;--awb-width-large:50%;--awb-margin-top-large:20px;--awb-spacing-right-large:3.84%;--awb-margin-bottom-large:20px;--awb-spacing-left-large:3.84%;--awb-width-medium:100%;--awb-order-medium:0;--awb-spacing-right-medium:1.92%;--awb-spacing-left-medium:1.92%;--awb-width-small:100%;--awb-order-small:0;--awb-spacing-right-small:1.92%;--awb-spacing-left-small:1.92%;\"><div class=\"fusion-column-wrapper fusion-column-has-shadow fusion-flex-justify-content-flex-start fusion-content-layout-column\"><div style=\"text-align:center;\"><a class=\"fusion-button button-flat fusion-button-default-size button-custom fusion-button-default button-2 fusion-button-default-span fusion-button-default-type\" style=\"--button_accent_color:var(--awb-color1);--button_accent_hover_color:var(--awb-color1);--button_border_hover_color:var(--awb-color2);--button_gradient_top_color:#000000;--button_gradient_bottom_color:#000000;--button_gradient_top_color_hover:rgba(255,255,255,0);--button_gradient_bottom_color_hover:rgba(255,255,255,0);--button_text_transform:none;\" target=\"_self\"><span class=\"fusion-button-text awb-button__text awb-button__text--default\">eventos@marbellaarena.com<\/span><\/a><\/div><\/div><\/div><div class=\"fusion-layout-column fusion_builder_column fusion-builder-column-6 fusion_builder_column_1_2 1_2 fusion-flex-column\" style=\"--awb-bg-size:cover;--awb-width-large:50%;--awb-margin-top-large:20px;--awb-spacing-right-large:3.84%;--awb-margin-bottom-large:20px;--awb-spacing-left-large:3.84%;--awb-width-medium:100%;--awb-order-medium:0;--awb-spacing-right-medium:1.92%;--awb-spacing-left-medium:1.92%;--awb-width-small:100%;--awb-order-small:0;--awb-spacing-right-small:1.92%;--awb-spacing-left-small:1.92%;\"><div class=\"fusion-column-wrapper fusion-column-has-shadow fusion-flex-justify-content-flex-start fusion-content-layout-column\"><div style=\"text-align:center;\"><a class=\"fusion-button button-flat fusion-button-default-size button-custom fusion-button-default button-3 fusion-button-default-span fusion-button-default-type\" style=\"--button_accent_color:var(--awb-color1);--button_accent_hover_color:var(--awb-color1);--button_border_hover_color:var(--awb-color2);--button_gradient_top_color:#000000;--button_gradient_bottom_color:#000000;--button_gradient_top_color_hover:rgba(255,255,255,0);--button_gradient_bottom_color_hover:rgba(255,255,255,0);--button_text_transform:none;\" target=\"_self\"><span class=\"fusion-button-text awb-button__text awb-button__text--default\">Tel. + 34 952 63 22 00<\/span><\/a><\/div><\/div><\/div><\/div><\/div><div class=\"fusion-fullwidth fullwidth-box fusion-builder-row-6 fusion-flex-container has-pattern-background has-mask-background hundred-percent-fullwidth non-hundred-percent-height-scrolling\" style=\"--awb-border-radius-top-left:0px;--awb-border-radius-top-right:0px;--awb-border-radius-bottom-right:0px;--awb-border-radius-bottom-left:0px;--awb-flex-wrap:wrap;\" ><div class=\"fusion-builder-row fusion-row fusion-flex-align-items-center fusion-flex-justify-content-center fusion-flex-content-wrap\" style=\"width:104% !important;max-width:104% !important;margin-left: calc(-4% \/ 2 );margin-right: calc(-4% \/ 2 );\"><div class=\"fusion-layout-column fusion_builder_column fusion-builder-column-7 fusion_builder_column_1_1 1_1 fusion-flex-column\" style=\"--awb-bg-size:cover;--awb-width-large:100%;--awb-margin-top-large:20px;--awb-spacing-right-large:1.92%;--awb-margin-bottom-large:20px;--awb-spacing-left-large:1.92%;--awb-width-medium:100%;--awb-order-medium:0;--awb-spacing-right-medium:1.92%;--awb-spacing-left-medium:1.92%;--awb-width-small:100%;--awb-order-small:0;--awb-spacing-right-small:1.92%;--awb-spacing-left-small:1.92%;\"><div class=\"fusion-column-wrapper fusion-column-has-shadow fusion-flex-justify-content-flex-start fusion-content-layout-column\"><div class=\"awb-gallery-wrapper awb-gallery-wrapper-1 button-span-no\" style=\"--more-btn-alignment:center;\" data-limit=\"10\" data-page=\"1\"><div style=\"margin:0px;--awb-bordersize:0px;\" class=\"fusion-gallery fusion-gallery-container fusion-grid-5 fusion-columns-total-5 fusion-gallery-layout-grid fusion-gallery-1\"><div style=\"padding:0px;\" class=\"fusion-grid-column fusion-gallery-column fusion-gallery-column-5 hover-type-zoomin\"><div class=\"fusion-gallery-image\"><a href=\"https:\/\/marbellaarena.com\/wp-content\/uploads\/2025\/01\/Programacion-Marbella-Arena-scaled-1.jpg\" rel=\"noreferrer\" data-rel=\"iLightbox[gallery_image_1]\" class=\"fusion-lightbox\" target=\"_self\"><img decoding=\"async\" src=\"https:\/\/marbellaarena.com\/wp-content\/uploads\/2025\/01\/Programacion-Marbella-Arena-scaled-1-320x202.jpg\" width=\"320\" height=\"202\" alt=\"\" title=\"Programacion-Marbella-Arena-scaled\" aria-label=\"Programacion-Marbella-Arena-scaled\" class=\"img-responsive wp-image-3696 fusion-gallery-image-size-fixed\" srcset=\"https:\/\/marbellaarena.com\/wp-content\/uploads\/2025\/01\/Programacion-Marbella-Arena-scaled-1-320x202.jpg 320w, https:\/\/marbellaarena.com\/wp-content\/uploads\/2025\/01\/Programacion-Marbella-Arena-scaled-1-700x441.jpg 700w\" sizes=\"(max-width: 320px) 100vw, 320px\" \/><\/a><\/div><\/div><div style=\"padding:0px;\" class=\"fusion-grid-column fusion-gallery-column fusion-gallery-column-5 hover-type-zoomin\"><div class=\"fusion-gallery-image\"><a href=\"https:\/\/marbellaarena.com\/wp-content\/uploads\/2025\/01\/David-Garrett.jpg\" rel=\"noreferrer\" data-rel=\"iLightbox[gallery_image_1]\" class=\"fusion-lightbox\" target=\"_self\"><img decoding=\"async\" src=\"https:\/\/marbellaarena.com\/wp-content\/uploads\/2025\/01\/David-Garrett-320x202.jpg\" width=\"320\" height=\"202\" alt=\"\" title=\"David-Garrett\" aria-label=\"David-Garrett\" class=\"img-responsive wp-image-15892 fusion-gallery-image-size-fixed\" srcset=\"https:\/\/marbellaarena.com\/wp-content\/uploads\/2025\/01\/David-Garrett-320x202.jpg 320w, https:\/\/marbellaarena.com\/wp-content\/uploads\/2025\/01\/David-Garrett-700x441.jpg 700w\" sizes=\"(max-width: 320px) 100vw, 320px\" \/><\/a><\/div><\/div><div style=\"padding:0px;\" class=\"fusion-grid-column fusion-gallery-column fusion-gallery-column-5 hover-type-zoomin\"><div class=\"fusion-gallery-image\"><a href=\"https:\/\/marbellaarena.com\/wp-content\/uploads\/2025\/01\/Solheim-Cup.jpg\" rel=\"noreferrer\" data-rel=\"iLightbox[gallery_image_1]\" class=\"fusion-lightbox\" target=\"_self\"><img decoding=\"async\" src=\"https:\/\/marbellaarena.com\/wp-content\/uploads\/2025\/01\/Solheim-Cup-320x202.jpg\" width=\"320\" height=\"202\" alt=\"\" title=\"Solheim-Cup\" aria-label=\"Solheim-Cup\" class=\"img-responsive wp-image-15891 fusion-gallery-image-size-fixed\" srcset=\"https:\/\/marbellaarena.com\/wp-content\/uploads\/2025\/01\/Solheim-Cup-320x202.jpg 320w, https:\/\/marbellaarena.com\/wp-content\/uploads\/2025\/01\/Solheim-Cup-700x441.jpg 700w\" sizes=\"(max-width: 320px) 100vw, 320px\" \/><\/a><\/div><\/div><div style=\"padding:0px;\" class=\"fusion-grid-column fusion-gallery-column fusion-gallery-column-5 hover-type-zoomin\"><div class=\"fusion-gallery-image\"><a href=\"https:\/\/marbellaarena.com\/wp-content\/uploads\/2025\/01\/Splean.jpg\" rel=\"noreferrer\" data-rel=\"iLightbox[gallery_image_1]\" class=\"fusion-lightbox\" target=\"_self\"><img decoding=\"async\" src=\"https:\/\/marbellaarena.com\/wp-content\/uploads\/2025\/01\/Splean-320x202.jpg\" width=\"320\" height=\"202\" alt=\"\" title=\"Splean\" aria-label=\"Splean\" class=\"img-responsive wp-image-15890 fusion-gallery-image-size-fixed\" srcset=\"https:\/\/marbellaarena.com\/wp-content\/uploads\/2025\/01\/Splean-320x202.jpg 320w, https:\/\/marbellaarena.com\/wp-content\/uploads\/2025\/01\/Splean-700x441.jpg 700w\" sizes=\"(max-width: 320px) 100vw, 320px\" \/><\/a><\/div><\/div><div style=\"padding:0px;\" class=\"fusion-grid-column fusion-gallery-column fusion-gallery-column-5 hover-type-zoomin\"><div class=\"fusion-gallery-image\"><a href=\"https:\/\/marbellaarena.com\/wp-content\/uploads\/2025\/01\/Marbella-Championship-2023.jpg\" rel=\"noreferrer\" data-rel=\"iLightbox[gallery_image_1]\" class=\"fusion-lightbox\" target=\"_self\"><img decoding=\"async\" src=\"https:\/\/marbellaarena.com\/wp-content\/uploads\/2025\/01\/Marbella-Championship-2023-320x202.jpg\" width=\"320\" height=\"202\" alt=\"\" title=\"Marbella-Championship-2023\" aria-label=\"Marbella-Championship-2023\" class=\"img-responsive wp-image-15889 fusion-gallery-image-size-fixed\" srcset=\"https:\/\/marbellaarena.com\/wp-content\/uploads\/2025\/01\/Marbella-Championship-2023-320x202.jpg 320w, https:\/\/marbellaarena.com\/wp-content\/uploads\/2025\/01\/Marbella-Championship-2023-700x441.jpg 700w\" sizes=\"(max-width: 320px) 100vw, 320px\" \/><\/a><\/div><\/div><div class=\"clearfix\"><\/div><\/div><\/div><\/div><\/div><\/div><\/div><div class=\"fusion-fullwidth fullwidth-box fusion-builder-row-7 fusion-flex-container has-pattern-background has-mask-background hundred-percent-fullwidth non-hundred-percent-height-scrolling\" style=\"--awb-border-radius-top-left:0px;--awb-border-radius-top-right:0px;--awb-border-radius-bottom-right:0px;--awb-border-radius-bottom-left:0px;--awb-padding-right:0px;--awb-padding-left:0px;--awb-flex-wrap:wrap;\" ><div class=\"fusion-builder-row fusion-row fusion-flex-align-items-flex-start fusion-flex-content-wrap\" style=\"width:104% !important;max-width:104% !important;margin-left: calc(-4% \/ 2 );margin-right: calc(-4% \/ 2 );\"><div class=\"fusion-layout-column fusion_builder_column fusion-builder-column-8 fusion_builder_column_1_1 1_1 fusion-flex-column\" style=\"--awb-bg-size:cover;--awb-width-large:100%;--awb-margin-top-large:20px;--awb-spacing-right-large:1.92%;--awb-margin-bottom-large:20px;--awb-spacing-left-large:1.92%;--awb-width-medium:100%;--awb-order-medium:0;--awb-spacing-right-medium:1.92%;--awb-spacing-left-medium:1.92%;--awb-width-small:100%;--awb-order-small:0;--awb-spacing-right-small:1.92%;--awb-spacing-left-small:1.92%;\"><div class=\"fusion-column-wrapper fusion-column-has-shadow fusion-flex-justify-content-flex-start fusion-content-layout-column\"><div class=\"fusion-video fusion-youtube\" style=\"--awb-max-width:1680px;--awb-max-height:945px;--awb-align-self:center;--awb-width:100%;\"><div class=\"video-shortcode\"><lite-youtube videoid=\"h5qvEQFJEhM\" class=\"landscape\" params=\"wmode=transparent&autoplay=1&enablejsapi=1\" title=\"YouTube video player 1\" width=\"1680\" height=\"945\" data-thumbnail-size=\"auto\" data-no-cookie=\"on\"><\/lite-youtube><\/div><\/div><\/div><\/div><\/div><\/div><\/p>\n","protected":false},"excerpt":{"rendered":"","protected":false},"author":1,"featured_media":0,"parent":0,"menu_order":0,"comment_status":"closed","ping_status":"closed","template":"100-width.php","meta":{"footnotes":""},"class_list":["post-16519","page","type-page","status-publish","hentry"],"_links":{"self":[{"href":"https:\/\/marbellaarena.com\/en\/wp-json\/wp\/v2\/pages\/16519","targetHints":{"allow":["GET"]}}],"collection":[{"href":"https:\/\/marbellaarena.com\/en\/wp-json\/wp\/v2\/pages"}],"about":[{"href":"https:\/\/marbellaarena.com\/en\/wp-json\/wp\/v2\/types\/page"}],"author":[{"embeddable":true,"href":"https:\/\/marbellaarena.com\/en\/wp-json\/wp\/v2\/users\/1"}],"replies":[{"embeddable":true,"href":"https:\/\/marbellaarena.com\/en\/wp-json\/wp\/v2\/comments?post=16519"}],"version-history":[{"count":1,"href":"https:\/\/marbellaarena.com\/en\/wp-json\/wp\/v2\/pages\/16519\/revisions"}],"predecessor-version":[{"id":16520,"href":"https:\/\/marbellaarena.com\/en\/wp-json\/wp\/v2\/pages\/16519\/revisions\/16520"}],"wp:attachment":[{"href":"https:\/\/marbellaarena.com\/en\/wp-json\/wp\/v2\/media?parent=16519"}],"curies":[{"name":"wp","href":"https:\/\/api.w.org\/{rel}","templated":true}]}}